{"id":1205,"date":"2022-08-08T23:24:02","date_gmt":"2022-08-08T16:24:02","guid":{"rendered":"https:\/\/workingin.cloud\/?page_id=1205"},"modified":"2024-04-12T01:59:02","modified_gmt":"2024-04-11T18:59:02","slug":"thanh-gierado","status":"publish","type":"page","link":"https:\/\/123.guong.com.vn\/?page_id=1205","title":{"rendered":"Th\u00e1nh Gi\u00eara\u0111\u00f4"},"content":{"rendered":"\r\n<p>47. (09\/10\/22 &#8211; Ch\u00faa nh\u1eadt) Th\u00e1nh Gi\u00eara\u0111\u00f4 &#8211; C\u1ea7u cho ch\u00fang con<\/p>\r\n<p>&#8212;<\/p>\r\n<p>46. (02\/10\/22 &#8211; Ch\u00faa nh\u1eadt) Th\u00e1nh Gi\u00eara\u0111\u00f4 &#8211; C\u1ea7u cho ch\u00fang con<\/p>\r\n<p>&#8212;<\/p>\r\n<p>45. (26\/09\/22 &#8211; Th\u1ee9 hai) Th\u00e1nh Gi\u00eara\u0111\u00f4 &#8211; C\u1ea7u cho ch\u00fang con<\/p>\r\n<p>44. (25\/09\/22 &#8211; Ch\u00faa nh\u1eadt) Th\u00e1nh Gi\u00eara\u0111\u00f4 &#8211; C\u1ea7u cho ch\u00fang con<\/p>\r\n<p>&#8212;<\/p>\r\n<p><img loading=\"lazy\" decoding=\"async\" class=\"alignnone  wp-image-1608\" src=\"\/wp-content\/uploads\/2022\/09\/nu.jpg\" alt=\"\" width=\"53\" height=\"73\" \/> 24\/09\/2022 &#8211; Th\u1ee9 b\u1ea3y<\/p>\r\n<p>&#8212;<\/p>\r\n<p>43. (19\/09\/22 &#8211; Th\u1ee9 hai) Th\u00e1nh Gi\u00eara\u0111\u00f4 &#8211; C\u1ea7u cho ch\u00fang con<\/p>\r\n<p>43. (18\/09\/22 &#8211; Ch\u00faa nh\u1eadt) Th\u00e1nh Gi\u00eara\u0111\u00f4 &#8211; C\u1ea7u cho ch\u00fang con<\/p>\r\n<p>41. (17\/09\/22 &#8211; Th\u1ee9 b\u1ea3y) Th\u00e1nh Gi\u00eara\u0111\u00f4 &#8211; C\u1ea7u cho ch\u00fang con<\/p>\r\n<p>40. (16\/09\/22 &#8211; Th\u1ee9 s\u00e1u) Th\u00e1nh Gi\u00eara\u0111\u00f4 &#8211; C\u1ea7u cho ch\u00fang con<\/p>\r\n<p>39. (15\/09\/22 &#8211; Th\u1ee9 n\u0103m) Th\u00e1nh Gi\u00eara\u0111\u00f4 &#8211; C\u1ea7u cho ch\u00fang con<\/p>\r\n<p>38. (14\/09\/22 &#8211; Th\u1ee9 t\u01b0) Th\u00e1nh Gi\u00eara\u0111\u00f4 &#8211; C\u1ea7u cho ch\u00fang con<\/p>\r\n<p>37. (13\/09\/22 &#8211; Th\u1ee9 ba) Th\u00e1nh Gi\u00eara\u0111\u00f4 &#8211; C\u1ea7u cho ch\u00fang con<\/p>\r\n<p>36. (12\/09\/22 &#8211; Th\u1ee9 hai) Th\u00e1nh Gi\u00eara\u0111\u00f4 &#8211; C\u1ea7u cho ch\u00fang con<\/p>\r\n<p>35. (11\/09\/22 &#8211; Ch\u00faa nh\u1eadt) Th\u00e1nh Gi\u00eara\u0111\u00f4 &#8211; C\u1ea7u cho ch\u00fang con<\/p>\r\n<p>34. (10\/09\/22 &#8211; Th\u1ee9 b\u1ea3y) Th\u00e1nh Gi\u00eara\u0111\u00f4 &#8211; C\u1ea7u cho ch\u00fang con<\/p>\r\n<p>33. (09\/09\/22 &#8211; Th\u1ee9 s\u00e1u) Th\u00e1nh Gi\u00eara\u0111\u00f4 &#8211; C\u1ea7u cho ch\u00fang con<\/p>\r\n<p>32. (08\/09\/22 &#8211; Th\u1ee9 n\u0103m) Th\u00e1nh Gi\u00eara\u0111\u00f4 &#8211; C\u1ea7u cho ch\u00fang con <em>(fran\u00e7ais)<\/em><\/p>\r\n<p>31. (07\/09\/22 &#8211; Th\u1ee9 t\u01b0) Th\u00e1nh Gi\u00eara\u0111\u00f4 &#8211; C\u1ea7u cho ch\u00fang con<\/p>\r\n<p>30. (06\/09\/22 &#8211; Th\u1ee9 ba) Th\u00e1nh Gi\u00eara\u0111\u00f4 &#8211; C\u1ea7u cho ch\u00fang con<\/p>\r\n<p>29. (05\/09\/22 &#8211; Th\u1ee9 hai) Th\u00e1nh Gi\u00eara\u0111\u00f4 &#8211; C\u1ea7u cho ch\u00fang con<\/p>\r\n<p>28. (04\/09\/22 &#8211; Ch\u00faa nh\u1eadt) Th\u00e1nh Gi\u00eara\u0111\u00f4 &#8211; C\u1ea7u cho ch\u00fang con<\/p>\r\n<p>27. (03\/09\/22 &#8211; Th\u1ee9 b\u1ea3y) Th\u00e1nh Gi\u00eara\u0111\u00f4 &#8211; C\u1ea7u cho ch\u00fang con <em>(fran\u00e7ais)<\/em><\/p>\r\n<p>26. (02\/09\/22 &#8211; Th\u1ee9 s\u00e1u) Th\u00e1nh Gi\u00eara\u0111\u00f4 &#8211; C\u1ea7u cho ch\u00fang con<\/p>\r\n<p>25. (01\/09\/22 &#8211; Th\u1ee9 n\u0103m) Th\u00e1nh Gi\u00eara\u0111\u00f4 &#8211; C\u1ea7u cho ch\u00fang con<\/p>\r\n<p>24. (31\/08\/22 &#8211; Th\u1ee9 t\u01b0) Th\u00e1nh Gi\u00eara\u0111\u00f4 &#8211; C\u1ea7u cho ch\u00fang con <em>(fran\u00e7ais)<\/em><\/p>\r\n<p>23. (30\/08\/22 &#8211; Th\u1ee9 ba) Th\u00e1nh Gi\u00eara\u0111\u00f4 &#8211; C\u1ea7u cho ch\u00fang con<\/p>\r\n<p>22. (29\/08\/22 &#8211; Th\u1ee9 hai) Th\u00e1nh Gi\u00eara\u0111\u00f4 &#8211; C\u1ea7u cho ch\u00fang con<\/p>\r\n<p>21. (28\/08\/22 &#8211; Ch\u00faa nh\u1eadt) Th\u00e1nh Gi\u00eara\u0111\u00f4 &#8211; C\u1ea7u cho ch\u00fang con<\/p>\r\n<p>20. (27\/08\/22 &#8211; Th\u1ee9 b\u1ea3y) Th\u00e1nh Gi\u00eara\u0111\u00f4 &#8211; C\u1ea7u cho ch\u00fang con <em>(fran\u00e7ais)<\/em><\/p>\r\n<p>19. (26\/08\/22 &#8211; Th\u1ee9 s\u00e1u) Th\u00e1nh Gi\u00eara\u0111\u00f4 &#8211; C\u1ea7u cho ch\u00fang con<\/p>\r\n<p>18. (25\/08\/22 &#8211; Th\u1ee9 n\u0103m) Th\u00e1nh Gi\u00eara\u0111\u00f4 &#8211; C\u1ea7u cho ch\u00fang con<\/p>\r\n<p>17. (24\/08\/22 &#8211; Th\u1ee9 t\u01b0) Th\u00e1nh Gi\u00eara\u0111\u00f4 &#8211; C\u1ea7u cho ch\u00fang con <em>(fran\u00e7ais)<\/em><\/p>\r\n<p>16. (23\/08\/22 &#8211; Th\u1ee9 ba) Th\u00e1nh Gi\u00eara\u0111\u00f4 &#8211; C\u1ea7u cho ch\u00fang con <em>(fran\u00e7ais)<\/em><\/p>\r\n<p>15. (22\/08\/22 &#8211; Th\u1ee9 hai) Th\u00e1nh Gi\u00eara\u0111\u00f4 &#8211; C\u1ea7u cho ch\u00fang con<\/p>\r\n<p>14. (21\/08\/22 &#8211; Ch\u00faa nh\u1eadt) Th\u00e1nh Gi\u00eara\u0111\u00f4 &#8211; C\u1ea7u cho ch\u00fang con <em>(fran\u00e7ais)<\/em><\/p>\r\n<p>13. (20\/08\/22 &#8211; Th\u1ee9 b\u1ea3y) Th\u00e1nh Gi\u00eara\u0111\u00f4 &#8211; C\u1ea7u cho ch\u00fang con<\/p>\r\n<p>12. (19\/08\/22 &#8211; Th\u1ee9 s\u00e1u) Th\u00e1nh Gi\u00eara\u0111\u00f4 &#8211; C\u1ea7u cho ch\u00fang con<\/p>\r\n<p>11. (18\/08\/22 &#8211; Th\u1ee9 n\u0103m) Th\u00e1nh Gi\u00eara\u0111\u00f4 &#8211; C\u1ea7u cho ch\u00fang con<\/p>\r\n<p>10. (17\/08\/22 &#8211; Th\u1ee9 t\u01b0) Th\u00e1nh Gi\u00eara\u0111\u00f4 &#8211; C\u1ea7u cho ch\u00fang con<\/p>\r\n<p>9. (16\/08\/22 &#8211; Th\u1ee9 ba) Th\u00e1nh Gi\u00eara\u0111\u00f4 &#8211; C\u1ea7u cho ch\u00fang con<\/p>\r\n<p>8. (15\/08\/22 &#8211; Th\u1ee9 hai) Th\u00e1nh Gi\u00eara\u0111\u00f4 &#8211; C\u1ea7u cho ch\u00fang con<\/p>\r\n<p>7. (14\/08\/22 &#8211; Ch\u00faa nh\u1eadt) Th\u00e1nh Gi\u00eara\u0111\u00f4 &#8211; C\u1ea7u cho ch\u00fang con<\/p>\r\n<p>6. (13\/08\/22 &#8211; Th\u1ee9 b\u1ea3y) Th\u00e1nh Gi\u00eara\u0111\u00f4 &#8211; C\u1ea7u cho ch\u00fang con<\/p>\r\n<p>5. (12\/08\/22 &#8211; Th\u1ee9 s\u00e1u) Th\u00e1nh Gi\u00eara\u0111\u00f4 &#8211; C\u1ea7u cho ch\u00fang con<\/p>\r\n<p>4. (11\/08\/22 &#8211; Th\u1ee9 n\u0103m) Th\u00e1nh Gi\u00eara\u0111\u00f4 &#8211; C\u1ea7u cho ch\u00fang con<\/p>\r\n<p>3. (10\/08\/22 &#8211; Th\u1ee9 t\u01b0) Th\u00e1nh Gi\u00eara\u0111\u00f4 &#8211; C\u1ea7u cho ch\u00fang con<\/p>\r\n<p>2. (09\/08\/22 &#8211; Th\u1ee9 ba) Th\u00e1nh Gi\u00eara\u0111\u00f4 &#8211; C\u1ea7u cho ch\u00fang con<\/p>\r\n<p>1. (08\/08\/22 &#8211; Th\u1ee9 hai) Th\u00e1nh Gi\u00eara\u0111\u00f4 &#8211; C\u1ea7u cho ch\u00fang con<\/p>\r\n","protected":false},"excerpt":{"rendered":"<p>47. (09\/10\/22 &#8211; Ch\u00faa nh\u1eadt) Th\u00e1nh Gi\u00eara\u0111\u00f4 &#8211; C\u1ea7u cho ch\u00fang con &#8212; 46. (02\/10\/22 &#8211; Ch\u00faa nh\u1eadt) Th\u00e1nh Gi\u00eara\u0111\u00f4 &#8211; C\u1ea7u cho ch\u00fang con &#8212; 45. (26\/09\/22 &#8211; Th\u1ee9 hai) Th\u00e1nh Gi\u00eara\u0111\u00f4 &#8211; C\u1ea7u cho ch\u00fang con 44. (25\/09\/22 &#8211; Ch\u00faa nh\u1eadt) Th\u00e1nh Gi\u00eara\u0111\u00f4 &#8211; C\u1ea7u cho ch\u00fang con &#8212; 24\/09\/2022 &#8211; Th\u1ee9 b\u1ea3y [&hellip;]<\/p>\n","protected":false},"author":1,"featured_media":0,"parent":0,"menu_order":0,"comment_status":"closed","ping_status":"closed","template":"","meta":{"pgc_sgb_lightbox_settings":"","footnotes":""},"blocksy_meta":{"styles_descriptor":{"styles":{"desktop":"","tablet":"","mobile":""},"google_fonts":[],"version":6}},"yoast_head":"<!-- This site is optimized with the Yoast SEO Premium plugin v18.1 (Yoast SEO v22.4) - https:\/\/yoast.com\/wordpress\/plugins\/seo\/ -->\n<title>Th\u00e1nh Gi\u00eara\u0111\u00f4<\/title>\n<meta name=\"robots\" content=\"noindex, follow, max-snippet:-1, max-image-preview:large, max-video-preview:-1\" \/>\n<meta property=\"og:locale\" content=\"vi_VN\" \/>\n<meta property=\"og:type\" content=\"article\" \/>\n<meta property=\"og:title\" content=\"Th\u00e1nh Gi\u00eara\u0111\u00f4\" \/>\n<meta property=\"og:description\" content=\"47. (09\/10\/22 &#8211; Ch\u00faa nh\u1eadt) Th\u00e1nh Gi\u00eara\u0111\u00f4 &#8211; C\u1ea7u cho ch\u00fang con &#8212; 46. (02\/10\/22 &#8211; Ch\u00faa nh\u1eadt) Th\u00e1nh Gi\u00eara\u0111\u00f4 &#8211; C\u1ea7u cho ch\u00fang con &#8212; 45. (26\/09\/22 &#8211; Th\u1ee9 hai) Th\u00e1nh Gi\u00eara\u0111\u00f4 &#8211; C\u1ea7u cho ch\u00fang con 44. (25\/09\/22 &#8211; Ch\u00faa nh\u1eadt) Th\u00e1nh Gi\u00eara\u0111\u00f4 &#8211; C\u1ea7u cho ch\u00fang con &#8212; 24\/09\/2022 &#8211; Th\u1ee9 b\u1ea3y [&hellip;]\" \/>\n<meta property=\"og:url\" content=\"https:\/\/123.guong.com.vn\/?page_id=1205\" \/>\n<meta property=\"og:site_name\" content=\"Ora Et Labora\" \/>\n<meta property=\"article:modified_time\" content=\"2024-04-11T18:59:02+00:00\" \/>\n<meta name=\"twitter:card\" content=\"summary_large_image\" \/>\n<meta name=\"twitter:label1\" content=\"\u01af\u1edbc t\u00ednh th\u1eddi gian \u0111\u1ecdc\" \/>\n\t<meta name=\"twitter:data1\" content=\"3 ph\u00fat\" \/>\n<script type=\"application\/ld+json\" class=\"yoast-schema-graph\">{\"@context\":\"https:\/\/schema.org\",\"@graph\":[{\"@type\":\"WebPage\",\"@id\":\"https:\/\/123.guong.com.vn\/?page_id=1205\",\"url\":\"https:\/\/123.guong.com.vn\/?page_id=1205\",\"name\":\"Th\u00e1nh Gi\u00eara\u0111\u00f4\",\"isPartOf\":{\"@id\":\"https:\/\/123.guong.com.vn\/#website\"},\"datePublished\":\"2022-08-08T16:24:02+00:00\",\"dateModified\":\"2024-04-11T18:59:02+00:00\",\"breadcrumb\":{\"@id\":\"https:\/\/123.guong.com.vn\/?page_id=1205#breadcrumb\"},\"inLanguage\":\"vi\",\"potentialAction\":[{\"@type\":\"ReadAction\",\"target\":[\"https:\/\/123.guong.com.vn\/?page_id=1205\"]}]},{\"@type\":\"BreadcrumbList\",\"@id\":\"https:\/\/123.guong.com.vn\/?page_id=1205#breadcrumb\",\"itemListElement\":[{\"@type\":\"ListItem\",\"position\":1,\"name\":\"Home\",\"item\":\"https:\/\/123.guong.com.vn\/\"},{\"@type\":\"ListItem\",\"position\":2,\"name\":\"Th\u00e1nh Gi\u00eara\u0111\u00f4\"}]},{\"@type\":\"WebSite\",\"@id\":\"https:\/\/123.guong.com.vn\/#website\",\"url\":\"https:\/\/123.guong.com.vn\/\",\"name\":\"Ora Et Labora\",\"description\":\"\",\"publisher\":{\"@id\":\"https:\/\/123.guong.com.vn\/#\/schema\/person\/bbcd132a29afe5f5e0c65f4b780d9577\"},\"potentialAction\":[{\"@type\":\"SearchAction\",\"target\":{\"@type\":\"EntryPoint\",\"urlTemplate\":\"https:\/\/123.guong.com.vn\/?s={search_term_string}\"},\"query-input\":\"required name=search_term_string\"}],\"inLanguage\":\"vi\"},{\"@type\":[\"Person\",\"Organization\"],\"@id\":\"https:\/\/123.guong.com.vn\/#\/schema\/person\/bbcd132a29afe5f5e0c65f4b780d9577\",\"name\":\"OraEtLabora\",\"image\":{\"@type\":\"ImageObject\",\"inLanguage\":\"vi\",\"@id\":\"https:\/\/123.guong.com.vn\/#\/schema\/person\/image\/\",\"url\":\"https:\/\/123.guong.com.vn\/wp-content\/uploads\/2024\/04\/oraetlabora.png\",\"contentUrl\":\"https:\/\/123.guong.com.vn\/wp-content\/uploads\/2024\/04\/oraetlabora.png\",\"width\":430,\"height\":430,\"caption\":\"OraEtLabora\"},\"logo\":{\"@id\":\"https:\/\/123.guong.com.vn\/#\/schema\/person\/image\/\"}}]}<\/script>\n<!-- \/ Yoast SEO Premium plugin. -->","yoast_head_json":{"title":"Th\u00e1nh Gi\u00eara\u0111\u00f4","robots":{"index":"noindex","follow":"follow","max-snippet":"max-snippet:-1","max-image-preview":"max-image-preview:large","max-video-preview":"max-video-preview:-1"},"og_locale":"vi_VN","og_type":"article","og_title":"Th\u00e1nh Gi\u00eara\u0111\u00f4","og_description":"47. (09\/10\/22 &#8211; Ch\u00faa nh\u1eadt) Th\u00e1nh Gi\u00eara\u0111\u00f4 &#8211; C\u1ea7u cho ch\u00fang con &#8212; 46. (02\/10\/22 &#8211; Ch\u00faa nh\u1eadt) Th\u00e1nh Gi\u00eara\u0111\u00f4 &#8211; C\u1ea7u cho ch\u00fang con &#8212; 45. (26\/09\/22 &#8211; Th\u1ee9 hai) Th\u00e1nh Gi\u00eara\u0111\u00f4 &#8211; C\u1ea7u cho ch\u00fang con 44. (25\/09\/22 &#8211; Ch\u00faa nh\u1eadt) Th\u00e1nh Gi\u00eara\u0111\u00f4 &#8211; C\u1ea7u cho ch\u00fang con &#8212; 24\/09\/2022 &#8211; Th\u1ee9 b\u1ea3y [&hellip;]","og_url":"https:\/\/123.guong.com.vn\/?page_id=1205","og_site_name":"Ora Et Labora","article_modified_time":"2024-04-11T18:59:02+00:00","twitter_card":"summary_large_image","twitter_misc":{"\u01af\u1edbc t\u00ednh th\u1eddi gian \u0111\u1ecdc":"3 ph\u00fat"},"schema":{"@context":"https:\/\/schema.org","@graph":[{"@type":"WebPage","@id":"https:\/\/123.guong.com.vn\/?page_id=1205","url":"https:\/\/123.guong.com.vn\/?page_id=1205","name":"Th\u00e1nh Gi\u00eara\u0111\u00f4","isPartOf":{"@id":"https:\/\/123.guong.com.vn\/#website"},"datePublished":"2022-08-08T16:24:02+00:00","dateModified":"2024-04-11T18:59:02+00:00","breadcrumb":{"@id":"https:\/\/123.guong.com.vn\/?page_id=1205#breadcrumb"},"inLanguage":"vi","potentialAction":[{"@type":"ReadAction","target":["https:\/\/123.guong.com.vn\/?page_id=1205"]}]},{"@type":"BreadcrumbList","@id":"https:\/\/123.guong.com.vn\/?page_id=1205#breadcrumb","itemListElement":[{"@type":"ListItem","position":1,"name":"Home","item":"https:\/\/123.guong.com.vn\/"},{"@type":"ListItem","position":2,"name":"Th\u00e1nh Gi\u00eara\u0111\u00f4"}]},{"@type":"WebSite","@id":"https:\/\/123.guong.com.vn\/#website","url":"https:\/\/123.guong.com.vn\/","name":"Ora Et Labora","description":"","publisher":{"@id":"https:\/\/123.guong.com.vn\/#\/schema\/person\/bbcd132a29afe5f5e0c65f4b780d9577"},"potentialAction":[{"@type":"SearchAction","target":{"@type":"EntryPoint","urlTemplate":"https:\/\/123.guong.com.vn\/?s={search_term_string}"},"query-input":"required name=search_term_string"}],"inLanguage":"vi"},{"@type":["Person","Organization"],"@id":"https:\/\/123.guong.com.vn\/#\/schema\/person\/bbcd132a29afe5f5e0c65f4b780d9577","name":"OraEtLabora","image":{"@type":"ImageObject","inLanguage":"vi","@id":"https:\/\/123.guong.com.vn\/#\/schema\/person\/image\/","url":"https:\/\/123.guong.com.vn\/wp-content\/uploads\/2024\/04\/oraetlabora.png","contentUrl":"https:\/\/123.guong.com.vn\/wp-content\/uploads\/2024\/04\/oraetlabora.png","width":430,"height":430,"caption":"OraEtLabora"},"logo":{"@id":"https:\/\/123.guong.com.vn\/#\/schema\/person\/image\/"}}]}},"_links":{"self":[{"href":"https:\/\/123.guong.com.vn\/index.php?rest_route=\/wp\/v2\/pages\/1205"}],"collection":[{"href":"https:\/\/123.guong.com.vn\/index.php?rest_route=\/wp\/v2\/pages"}],"about":[{"href":"https:\/\/123.guong.com.vn\/index.php?rest_route=\/wp\/v2\/types\/page"}],"author":[{"embeddable":true,"href":"https:\/\/123.guong.com.vn\/index.php?rest_route=\/wp\/v2\/users\/1"}],"replies":[{"embeddable":true,"href":"https:\/\/123.guong.com.vn\/index.php?rest_route=%2Fwp%2Fv2%2Fcomments&post=1205"}],"version-history":[{"count":42,"href":"https:\/\/123.guong.com.vn\/index.php?rest_route=\/wp\/v2\/pages\/1205\/revisions"}],"predecessor-version":[{"id":1730,"href":"https:\/\/123.guong.com.vn\/index.php?rest_route=\/wp\/v2\/pages\/1205\/revisions\/1730"}],"wp:attachment":[{"href":"https:\/\/123.guong.com.vn\/index.php?rest_route=%2Fwp%2Fv2%2Fmedia&parent=1205"}],"curies":[{"name":"wp","href":"https:\/\/api.w.org\/{rel}","templated":true}]}}